{"id":51,"date":"2022-07-17T00:32:10","date_gmt":"2022-07-16T22:32:10","guid":{"rendered":"http:\/\/mma-villierssurmarne.fr\/?page_id=51"},"modified":"2025-07-28T15:17:09","modified_gmt":"2025-07-28T13:17:09","slug":"reglementation-grades","status":"publish","type":"page","link":"https:\/\/mma-chennevieressurmarne.fr\/?page_id=51","title":{"rendered":"R\u00e9glementation \/ Grades"},"content":{"rendered":"\n<h2 class=\"wp-block-heading\">TABLEAUX R\u00c9CAPITULATIFS JEUNES<\/h2>\n\n\n\n<figure class=\"wp-block-table\"><table><tbody>\n<tr>\n<td class=\"has-text-align-center\" data-align=\"center\"><\/td>\n<td style=\"background-color:#DD7B1BFA; color:white\" class=\"has-text-align-center\" data-align=\"center\"><strong>U14<\/strong><\/td>\n<td style=\"background-color:#DD7B1BFA; color:white\" class=\"has-text-align-center\" data-align=\"center\"><strong>U16<\/strong><\/td>\n<td style=\"background-color:#DD7B1BFA; color:white\" class=\"has-text-align-center\" data-align=\"center\"><strong>U18<\/strong><\/td>\n<\/tr>\n<tr>\n<td class=\"has-text-align-center\" data-align=\"center\">Dur\u00e9e du combat<\/td>\n<td class=\"has-text-align-center\" data-align=\"center\">1 x 3 minutes<\/td>\n<td class=\"has-text-align-center\" data-align=\"center\">1 x 4 minutes<\/td>\n<td class=\"has-text-align-center\" data-align=\"center\">3 x 2 minutes<\/td>\n<\/tr>\n<tr>\n<td class=\"has-text-align-center\" data-align=\"center\">Niveau technique<br>minimum requis<\/td>\n<td style=\"background-color:yellow; color:white\" class=\"has-text-align-center\" data-align=\"center\">Jaune<\/td>\n<td style=\"background-color:orange; color:white\" class=\"has-text-align-center\" data-align=\"center\">Orange<\/td>\n<td style=\"background-color:green; color:white\" class=\"has-text-align-center\" data-align=\"center\">Vert<\/td>\n<\/tr>\n<tr>\n<td class=\"has-text-align-center\" data-align=\"center\">Coups \u00e0 la t\u00eate<\/td>\n<td style=\"background-color:red\" class=\"has-text-align-center\" data-align=\"center\"><\/td>\n<td style=\"background-color:red\" class=\"has-text-align-center\" data-align=\"center\"><\/td>\n<td style=\"background-color:green\" class=\"has-text-align-center\" data-align=\"center\"><\/td>\n<\/tr>\n<tr>\n<td class=\"has-text-align-center\" data-align=\"center\">Coups de genoux<\/td>\n<td style=\"background-color:red\" class=\"has-text-align-center\" data-align=\"center\"><\/td>\n<td style=\"background-color:red\" class=\"has-text-align-center\" data-align=\"center\"><\/td>\n<td style=\"background-color:red\" class=\"has-text-align-center\" data-align=\"center\"><\/td>\n<\/tr>\n<tr>\n<td class=\"has-text-align-center\" data-align=\"center\">Coups de coudes,<br>avant-bras etc<\/td>\n<td style=\"background-color:red\" class=\"has-text-align-center\" data-align=\"center\"><\/td>\n<td style=\"background-color:red\" class=\"has-text-align-center\" data-align=\"center\"><\/td>\n<td style=\"background-color:red\" class=\"has-text-align-center\" data-align=\"center\"><\/td>\n<\/tr>\n<tr>\n<td class=\"has-text-align-center\" data-align=\"center\">Cl\u00e9s de talon<\/td>\n<td style=\"background-color:red\" class=\"has-text-align-center\" data-align=\"center\"><\/td>\n<td style=\"background-color:red\" class=\"has-text-align-center\" data-align=\"center\"><\/td>\n<td style=\"background-color:red\" class=\"has-text-align-center\" data-align=\"center\"><\/td>\n<\/tr>\n<tr>\n<td class=\"has-text-align-center\" data-align=\"center\">Compressions biceps\/<br>mollet<\/td>\n<td style=\"background-color:red\" class=\"has-text-align-center\" data-align=\"center\"><\/td>\n<td style=\"background-color:red\" class=\"has-text-align-center\" data-align=\"center\"><\/td>\n<td style=\"background-color:red\" class=\"has-text-align-center\" data-align=\"center\"><\/td>\n<\/tr>\n<tr>\n<td class=\"has-text-align-center\" data-align=\"center\">Cl\u00e9s de poignet<\/td>\n<td style=\"background-color:red\" class=\"has-text-align-center\" data-align=\"center\"><\/td>\n<td style=\"background-color:red\" class=\"has-text-align-center\" data-align=\"center\"><\/td>\n<td style=\"background-color:red\" class=\"has-text-align-center\" data-align=\"center\"><\/td>\n<\/tr>\n<tr>\n<td class=\"has-text-align-center\" data-align=\"center\">Projections en soulevant<br>l\u2019adversaire (double-legs,<br>souplesse arri\u00e8re, slams<br>ect)<\/td>\n<td style=\"background-color:red\" class=\"has-text-align-center\" data-align=\"center\"><\/td>\n<td style=\"background-color:red\" class=\"has-text-align-center\" data-align=\"center\"><\/td>\n<td style=\"background-color:red\" class=\"has-text-align-center\" data-align=\"center\"><\/td>\n<\/tr>\n<tr>\n<td class=\"has-text-align-center\" data-align=\"center\">Frappes aux genoux \/<br>coups de pied frontal ou<br>lat\u00e9ral sur le genou<\/td><td style=\"background-color:red\" class=\"has-text-align-center\" data-align=\"center\"><\/td>\n<td style=\"background-color:red\" class=\"has-text-align-center\" data-align=\"center\"><\/td>\n<td style=\"background-color:red\" class=\"has-text-align-center\" data-align=\"center\"><\/td>\n<\/tr>\n<tr>\n<td class=\"has-text-align-center\" data-align=\"center\">Coup de pied d\u2019un athl\u00e8te<br>au sol vers son adversaire<br>qui est debout<\/td>\n<td style=\"background-color:red\" class=\"has-text-align-center\" data-align=\"center\"><\/td>\n<td style=\"background-color:red\" class=\"has-text-align-center\" data-align=\"center\"><\/td>\n<td style=\"background-color:red\" class=\"has-text-align-center\" data-align=\"center\"><\/td>\n<\/tr>\n<tr>\n<td class=\"has-text-align-center\" data-align=\"center\">Pi\u00e9tinement sur la pied de<br>son adversaire<\/td>\n<td style=\"background-color:red\" class=\"has-text-align-center\" data-align=\"center\"><\/td>\n<td style=\"background-color:red\" class=\"has-text-align-center\" data-align=\"center\"><\/td>\n<td style=\"background-color:red\" class=\"has-text-align-center\" data-align=\"center\"><\/td>\n<\/tr>\n<tr>\n<td class=\"has-text-align-center\" data-align=\"center\">Frappes au sol<\/td>\n<td style=\"background-color:red\" class=\"has-text-align-center\" data-align=\"center\"><\/td>\n<td style=\"background-color:red\" class=\"has-text-align-center\" data-align=\"center\"><\/td>\n<td style=\"background-color:green; color:white\" class=\"has-text-align-center\" data-align=\"center\">Poings ferm\u00e9s au corps<br>uniquement<\/td>\n<\/tr>\n<tr>\n<td class=\"has-text-align-center\" data-align=\"center\">Omoplata<\/td>\n<td style=\"background-color:red\" class=\"has-text-align-center\" data-align=\"center\"><\/td>\n<td style=\"background-color:red\" class=\"has-text-align-center\" data-align=\"center\"><\/td>\n<td style=\"background-color:green\" class=\"has-text-align-center\" data-align=\"center\"><\/td>\n<\/tr>\n<tr>\n<td class=\"has-text-align-center\" data-align=\"center\">Cl\u00e9s de jambes dans l&rsquo;axe<\/td>\n<td style=\"background-color:red\" class=\"has-text-align-center\" data-align=\"center\"><\/td>\n<td style=\"background-color:green; color:white\" class=\"has-text-align-center\" data-align=\"center\">Cl\u00e9 de cheville \/ kimura<br>cheville : sans effectuer de<br>pression sur le genou<\/td>\n<td style=\"background-color:green; color:white\" class=\"has-text-align-center\" data-align=\"center\">Cl\u00e9 de genou \/ cheville dans<br>l\u2019axe<br>Kimura cheville<\/td>\n<\/tr>\n<tr>\n<td class=\"has-text-align-center\" data-align=\"center\">Guillotines<\/td>\n<td style=\"background-color:red\" class=\"has-text-align-center\" data-align=\"center\"><\/td>\n<td style=\"background-color:green; color:white\" class=\"has-text-align-center\" data-align=\"center\">Bras\/t\u00eate uniquement et<br>ex\u00e9cut\u00e9e au sol<\/td>\n<td style=\"background-color:green; color:white\" class=\"has-text-align-center\" data-align=\"center\">t\u00eate toute seule ou bras \/ t\u00eate<br>: doit se finaliser au sol<\/td>\n<\/tr><\/tbody><\/table><\/figure>\n\n\n\n<h2 class=\"wp-block-heading\">TABLEAUX R\u00c9CAPITULATIFS AMATEURS<\/h2>\n\n\n\n<figure class=\"wp-block-table\"><table><tbody>\n<tr>\n<td class=\"has-text-align-center\" data-align=\"center\"><\/td>\n<td style=\"background-color:#DD7B1BFA; color:white\" class=\"has-text-align-center\" data-align=\"center\"><strong>U21-B<br>AMA-B (21+)<\/strong><\/td>\n<td style=\"background-color:#DD7B1BFA; color:white\" class=\"has-text-align-center\" data-align=\"center\"><strong>U21-A<br>AMA-A (21+)<\/strong><\/td>\n<\/tr>\n<tr>\n<td class=\"has-text-align-center\" data-align=\"center\">Dur\u00e9e des combats<\/td>\n<td class=\"has-text-align-center\" data-align=\"center\">3 x 3 (+ extra-round) et 3 x 3 (finale)<\/td>\n<td class=\"has-text-align-center\" data-align=\"center\">3 x 3 (+ extra-round) et 3 x 3 (finale)<\/td>\n<\/tr>\n<tr>\n<td class=\"has-text-align-center\" data-align=\"center\">Niveau technique<\/td>\n<td style=\"background-color:green; color:white\" class=\"has-text-align-center\" data-align=\"center\">Vert<\/td>\n<td style=\"background-color:green; color:white\" class=\"has-text-align-center\" data-align=\"center\">Vert<\/td>\n<\/tr>\n<tr>\n<td class=\"has-text-align-center\" data-align=\"center\">Frappes au sol<\/td>\n<td style=\"background-color:green\" class=\"has-text-align-center\" data-align=\"center\"><\/td>\n<td style=\"background-color:green\" class=\"has-text-align-center\" data-align=\"center\"><\/td>\n<\/tr>\n<tr>\n<td class=\"has-text-align-center\" data-align=\"center\">Coups de coudes<\/td>\n<td style=\"background-color:red\" class=\"has-text-align-center\" data-align=\"center\"><\/td>\n<td style=\"background-color:red\" class=\"has-text-align-center\" data-align=\"center\"><\/td>\n<\/tr>\n<tr>\n<td class=\"has-text-align-center\" data-align=\"center\">Cl\u00e9s de talon<\/td>\n<td style=\"background-color:red\" class=\"has-text-align-center\" data-align=\"center\"><\/td>\n<td style=\"background-color:red\" class=\"has-text-align-center\" data-align=\"center\"><\/td>\n<\/tr>\n<tr>\n<td class=\"has-text-align-center\" data-align=\"center\">Cl\u00e9s de nuque \/ colonne<br>vert\u00e9brale<\/td>\n<td style=\"background-color:red\" class=\"has-text-align-center\" data-align=\"center\"><\/td>\n<td style=\"background-color:red\" class=\"has-text-align-center\" data-align=\"center\"><\/td>\n<\/tr>\n<tr>\n<td class=\"has-text-align-center\" data-align=\"center\">Coups de genoux \u00e0 la t\u00eate<\/td>\n<td style=\"background-color:red\" class=\"has-text-align-center\" data-align=\"center\"><\/td>\n<td style=\"background-color:red\" class=\"has-text-align-center\" data-align=\"center\"><\/td>\n<\/tr>\n<\/tbody><\/table><\/figure>\n\n\n\n<h2 class=\"wp-block-heading\">Grades<\/h2>\n\n\n\n<p><br>Les grades permettent d\u2019uniformiser le syst\u00e8me de progression technique \u00e0 travers un dispositif adapt\u00e9 \u00e0 l\u2019\u00e2ge et au niveau de pratique du licenci\u00e9.<\/p>\n\n\n\n<p>L&rsquo;adh\u00e9rent peux  pratiquer et se familiariser avec les diff\u00e9rentes distances du combat de mani\u00e8re graduelle.<\/p>\n\n\n\n<p>La pratique est s\u00e9curitaire car adapt\u00e9 et progressif. La progression technique offre ainsi une exp\u00e9rience du MMA jalonn\u00e9e de passages de grade pour r\u00e9pondre aux attentes du public loisir. Les grades permettent de situer son niveau \u00e0 travers un r\u00e9f\u00e9rentiel commun. Il ouvre aussi la porte aux formations et aux comp\u00e9titions.<\/p>\n\n\n\n<figure class=\"wp-block-image size-large\"><img loading=\"lazy\" decoding=\"async\" width=\"1024\" height=\"528\" src=\"http:\/\/mma-villierssurmarne.fr\/wp-content\/uploads\/2022\/07\/grade_MMA-1024x528.png\" alt=\"\" class=\"wp-image-52\" srcset=\"https:\/\/mma-chennevieressurmarne.fr\/wp-content\/uploads\/2022\/07\/grade_MMA-1024x528.png 1024w, https:\/\/mma-chennevieressurmarne.fr\/wp-content\/uploads\/2022\/07\/grade_MMA-300x155.png 300w, https:\/\/mma-chennevieressurmarne.fr\/wp-content\/uploads\/2022\/07\/grade_MMA-768x396.png 768w, https:\/\/mma-chennevieressurmarne.fr\/wp-content\/uploads\/2022\/07\/grade_MMA.png 1060w\" sizes=\"auto, (max-width: 1024px) 100vw, 1024px\" \/><\/figure>\n","protected":false},"excerpt":{"rendered":"<p>TABLEAUX R\u00c9CAPITULATIFS JEUNES U14 U16 U18 Dur\u00e9e du combat 1 x 3 minutes 1 x 4 minutes 3 x 2 minutes Niveau techniqueminimum requis Jaune Orange Vert Coups \u00e0 la t\u00eate Coups de genoux Coups de coudes,avant-bras etc Cl\u00e9s de talon Compressions biceps\/mollet Cl\u00e9s de poignet Projections en soulevantl\u2019adversaire (double-legs,souplesse arri\u00e8re, slamsect) Frappes aux genoux &hellip; <\/p>\n<div class=\"link-more\"><a href=\"https:\/\/mma-chennevieressurmarne.fr\/?page_id=51\" class=\"more-link\">Read More<span class=\"screen-reader-text\"> \u00ab\u00a0R\u00e9glementation \/ Grades\u00a0\u00bb<\/span><\/a><\/div>\n","protected":false},"author":2,"featured_media":0,"parent":0,"menu_order":0,"comment_status":"closed","ping_status":"closed","template":"","meta":{"_monsterinsights_skip_tracking":false,"_monsterinsights_sitenote_active":false,"_monsterinsights_sitenote_note":"","_monsterinsights_sitenote_category":0,"footnotes":""},"class_list":["post-51","page","type-page","status-publish","hentry"],"aioseo_notices":[],"yoast_head":"<!-- This site is optimized with the Yoast SEO plugin v19.10 - https:\/\/yoast.com\/wordpress\/plugins\/seo\/ -->\n<title>R\u00e9glementation \/ Grades - MMA VILLIERS SUR MARNE - OFLC<\/title>\n<meta name=\"description\" content=\"R\u00e9glementation du mma par cat\u00e9gorie d&#039;\u00e2ge, disserte des grades et progression technique appliqu\u00e9 par la FMMAF. OFLC val de marne, villiers 94\" \/>\n<meta name=\"robots\" content=\"index, follow, max-snippet:-1, max-image-preview:large, max-video-preview:-1\" \/>\n<link rel=\"canonical\" href=\"https:\/\/mma-chennevieressurmarne.fr\/?page_id=51\" \/>\n<meta property=\"og:locale\" content=\"fr_FR\" \/>\n<meta property=\"og:type\" content=\"article\" \/>\n<meta property=\"og:title\" content=\"R\u00e9glementation \/ Grades - MMA VILLIERS SUR MARNE - OFLC\" \/>\n<meta property=\"og:description\" content=\"R\u00e9glementation du mma par cat\u00e9gorie d&#039;\u00e2ge, disserte des grades et progression technique appliqu\u00e9 par la FMMAF. OFLC val de marne, villiers 94\" \/>\n<meta property=\"og:url\" content=\"https:\/\/mma-chennevieressurmarne.fr\/?page_id=51\" \/>\n<meta property=\"og:site_name\" content=\"MMA - OFLC\" \/>\n<meta property=\"article:modified_time\" content=\"2025-07-28T13:17:09+00:00\" \/>\n<meta property=\"og:image\" content=\"http:\/\/mma-villierssurmarne.fr\/wp-content\/uploads\/2022\/07\/grade_MMA-1024x528.png\" \/>\n<meta name=\"twitter:card\" content=\"summary_large_image\" \/>\n<meta name=\"twitter:label1\" content=\"Dur\u00e9e de lecture estim\u00e9e\" \/>\n\t<meta name=\"twitter:data1\" content=\"2 minutes\" \/>\n<script type=\"application\/ld+json\" class=\"yoast-schema-graph\">{\"@context\":\"https:\/\/schema.org\",\"@graph\":[{\"@type\":\"WebPage\",\"@id\":\"https:\/\/mma-chennevieressurmarne.fr\/?page_id=51\",\"url\":\"https:\/\/mma-chennevieressurmarne.fr\/?page_id=51\",\"name\":\"R\u00e9glementation \/ Grades - MMA VILLIERS SUR MARNE - OFLC\",\"isPartOf\":{\"@id\":\"https:\/\/mma-chennevieressurmarne.fr\/#website\"},\"datePublished\":\"2022-07-16T22:32:10+00:00\",\"dateModified\":\"2025-07-28T13:17:09+00:00\",\"description\":\"R\u00e9glementation du mma par cat\u00e9gorie d'\u00e2ge, disserte des grades et progression technique appliqu\u00e9 par la FMMAF. OFLC val de marne, villiers 94\",\"breadcrumb\":{\"@id\":\"https:\/\/mma-chennevieressurmarne.fr\/?page_id=51#breadcrumb\"},\"inLanguage\":\"fr-FR\",\"potentialAction\":[{\"@type\":\"ReadAction\",\"target\":[\"https:\/\/mma-chennevieressurmarne.fr\/?page_id=51\"]}]},{\"@type\":\"BreadcrumbList\",\"@id\":\"https:\/\/mma-chennevieressurmarne.fr\/?page_id=51#breadcrumb\",\"itemListElement\":[{\"@type\":\"ListItem\",\"position\":1,\"name\":\"Accueil\",\"item\":\"https:\/\/mma-chennevieressurmarne.fr\/\"},{\"@type\":\"ListItem\",\"position\":2,\"name\":\"R\u00e9glementation \/ Grades\"}]},{\"@type\":\"WebSite\",\"@id\":\"https:\/\/mma-chennevieressurmarne.fr\/#website\",\"url\":\"https:\/\/mma-chennevieressurmarne.fr\/\",\"name\":\"MMA - OFLC\",\"description\":\"MMA - Champigny sur marne\",\"potentialAction\":[{\"@type\":\"SearchAction\",\"target\":{\"@type\":\"EntryPoint\",\"urlTemplate\":\"https:\/\/mma-chennevieressurmarne.fr\/?s={search_term_string}\"},\"query-input\":\"required name=search_term_string\"}],\"inLanguage\":\"fr-FR\"}]}<\/script>\n<!-- \/ Yoast SEO plugin. -->","yoast_head_json":{"title":"R\u00e9glementation \/ Grades - MMA VILLIERS SUR MARNE - OFLC","description":"R\u00e9glementation du mma par cat\u00e9gorie d'\u00e2ge, disserte des grades et progression technique appliqu\u00e9 par la FMMAF. OFLC val de marne, villiers 94","robots":{"index":"index","follow":"follow","max-snippet":"max-snippet:-1","max-image-preview":"max-image-preview:large","max-video-preview":"max-video-preview:-1"},"canonical":"https:\/\/mma-chennevieressurmarne.fr\/?page_id=51","og_locale":"fr_FR","og_type":"article","og_title":"R\u00e9glementation \/ Grades - MMA VILLIERS SUR MARNE - OFLC","og_description":"R\u00e9glementation du mma par cat\u00e9gorie d'\u00e2ge, disserte des grades et progression technique appliqu\u00e9 par la FMMAF. OFLC val de marne, villiers 94","og_url":"https:\/\/mma-chennevieressurmarne.fr\/?page_id=51","og_site_name":"MMA - OFLC","article_modified_time":"2025-07-28T13:17:09+00:00","og_image":[{"url":"http:\/\/mma-villierssurmarne.fr\/wp-content\/uploads\/2022\/07\/grade_MMA-1024x528.png"}],"twitter_card":"summary_large_image","twitter_misc":{"Dur\u00e9e de lecture estim\u00e9e":"2 minutes"},"schema":{"@context":"https:\/\/schema.org","@graph":[{"@type":"WebPage","@id":"https:\/\/mma-chennevieressurmarne.fr\/?page_id=51","url":"https:\/\/mma-chennevieressurmarne.fr\/?page_id=51","name":"R\u00e9glementation \/ Grades - MMA VILLIERS SUR MARNE - OFLC","isPartOf":{"@id":"https:\/\/mma-chennevieressurmarne.fr\/#website"},"datePublished":"2022-07-16T22:32:10+00:00","dateModified":"2025-07-28T13:17:09+00:00","description":"R\u00e9glementation du mma par cat\u00e9gorie d'\u00e2ge, disserte des grades et progression technique appliqu\u00e9 par la FMMAF. OFLC val de marne, villiers 94","breadcrumb":{"@id":"https:\/\/mma-chennevieressurmarne.fr\/?page_id=51#breadcrumb"},"inLanguage":"fr-FR","potentialAction":[{"@type":"ReadAction","target":["https:\/\/mma-chennevieressurmarne.fr\/?page_id=51"]}]},{"@type":"BreadcrumbList","@id":"https:\/\/mma-chennevieressurmarne.fr\/?page_id=51#breadcrumb","itemListElement":[{"@type":"ListItem","position":1,"name":"Accueil","item":"https:\/\/mma-chennevieressurmarne.fr\/"},{"@type":"ListItem","position":2,"name":"R\u00e9glementation \/ Grades"}]},{"@type":"WebSite","@id":"https:\/\/mma-chennevieressurmarne.fr\/#website","url":"https:\/\/mma-chennevieressurmarne.fr\/","name":"MMA - OFLC","description":"MMA - Champigny sur marne","potentialAction":[{"@type":"SearchAction","target":{"@type":"EntryPoint","urlTemplate":"https:\/\/mma-chennevieressurmarne.fr\/?s={search_term_string}"},"query-input":"required name=search_term_string"}],"inLanguage":"fr-FR"}]}},"_links":{"self":[{"href":"https:\/\/mma-chennevieressurmarne.fr\/index.php?rest_route=\/wp\/v2\/pages\/51","targetHints":{"allow":["GET"]}}],"collection":[{"href":"https:\/\/mma-chennevieressurmarne.fr\/index.php?rest_route=\/wp\/v2\/pages"}],"about":[{"href":"https:\/\/mma-chennevieressurmarne.fr\/index.php?rest_route=\/wp\/v2\/types\/page"}],"author":[{"embeddable":true,"href":"https:\/\/mma-chennevieressurmarne.fr\/index.php?rest_route=\/wp\/v2\/users\/2"}],"replies":[{"embeddable":true,"href":"https:\/\/mma-chennevieressurmarne.fr\/index.php?rest_route=%2Fwp%2Fv2%2Fcomments&post=51"}],"version-history":[{"count":9,"href":"https:\/\/mma-chennevieressurmarne.fr\/index.php?rest_route=\/wp\/v2\/pages\/51\/revisions"}],"predecessor-version":[{"id":66,"href":"https:\/\/mma-chennevieressurmarne.fr\/index.php?rest_route=\/wp\/v2\/pages\/51\/revisions\/66"}],"wp:attachment":[{"href":"https:\/\/mma-chennevieressurmarne.fr\/index.php?rest_route=%2Fwp%2Fv2%2Fmedia&parent=51"}],"curies":[{"name":"wp","href":"https:\/\/api.w.org\/{rel}","templated":true}]}}