{"id":133,"date":"2022-07-23T02:33:39","date_gmt":"2022-07-23T00:33:39","guid":{"rendered":"http:\/\/mma-villierssurmarne.fr\/?page_id=133"},"modified":"2025-10-19T00:06:05","modified_gmt":"2025-10-18T22:06:05","slug":"horaires-tarifs","status":"publish","type":"page","link":"https:\/\/mma-chennevieressurmarne.fr\/?page_id=133","title":{"rendered":"Horaires &#8211; Tarifs"},"content":{"rendered":"\n<p><strong>MMA &#8211; OFLC<\/strong> entrainements adulte d\u00e8s 16 ans.<\/p>\n\n\n\n<figure class=\"wp-block-table aligncenter\"><table><tbody><tr><td class=\"has-text-align-center\" data-align=\"center\"><strong>GROUPE<\/strong><\/td><td class=\"has-text-align-center\" data-align=\"center\"><strong>MARDI<\/strong> <\/td><td class=\"has-text-align-center\" data-align=\"center\"><strong><strong>JEUDI<\/strong> <\/strong><\/td><td class=\"has-text-align-center\" data-align=\"center\"><strong>VENDREDI<\/strong><\/td><td><strong>SAMEDI<\/strong><\/td><td><strong>DIMANCHE<\/strong><\/td><\/tr><tr><td class=\"has-text-align-center\" data-align=\"center\">Mixte<\/td><td class=\"has-text-align-center\" data-align=\"center\">20H30<\/td><td class=\"has-text-align-center\" data-align=\"center\">20H30<\/td><td class=\"has-text-align-center\" data-align=\"center\">19H00<\/td><td>18H30<\/td><td>16H30<\/td><\/tr><tr><td class=\"has-text-align-center\" data-align=\"center\">Comp\u00e9tition<\/td><td class=\"has-text-align-center\" data-align=\"center\"><\/td><td class=\"has-text-align-center\" data-align=\"center\"><\/td><td class=\"has-text-align-center\" data-align=\"center\"><\/td><td>12H00<\/td><td><\/td><\/tr><\/tbody><\/table><\/figure>\n\n\n\n<p><strong>MMA -OFLC<\/strong> entrainements enfant d\u00e8s 12 ans.<\/p>\n\n\n\n<figure class=\"wp-block-table\"><table><tbody><tr><td class=\"has-text-align-center\" data-align=\"center\"><strong>Groupe<\/strong><\/td><td class=\"has-text-align-center\" data-align=\"center\"><strong>LUNDI<\/strong><\/td><td class=\"has-text-align-center\" data-align=\"center\"><strong>MARDI<\/strong><\/td><td class=\"has-text-align-center\" data-align=\"center\"><strong>VENDREDI<\/strong><\/td><td class=\"has-text-align-center\" data-align=\"center\"><strong>SAMEDI<\/strong><\/td><\/tr><tr><td class=\"has-text-align-center\" data-align=\"center\">11-13 ans<\/td><td class=\"has-text-align-center\" data-align=\"center\"><\/td><td class=\"has-text-align-center\" data-align=\"center\">17H30<\/td><td class=\"has-text-align-center\" data-align=\"center\">17H30<\/td><td class=\"has-text-align-center\" data-align=\"center\">09H00<\/td><\/tr><tr><td class=\"has-text-align-center\" data-align=\"center\">14-16 ans<\/td><td class=\"has-text-align-center\" data-align=\"center\">17H30<\/td><td class=\"has-text-align-center\" data-align=\"center\"><\/td><td class=\"has-text-align-center\" data-align=\"center\">17H30<\/td><td class=\"has-text-align-center\" data-align=\"center\">10H30<\/td><\/tr><\/tbody><\/table><figcaption class=\"wp-element-caption\">Horaires provisoire Hors vacances scolaires<\/figcaption><\/figure>\n\n\n\n<h3 class=\"wp-block-heading\">Tarification<\/h3>\n\n\n\n<figure class=\"wp-block-table\"><table><tbody><tr><td class=\"has-text-align-center\" data-align=\"center\"><strong>Cat\u00e9gorie<\/strong><\/td><td class=\"has-text-align-center\" data-align=\"center\"><strong>Tarifs<\/strong><\/td><\/tr><tr><td class=\"has-text-align-center\" data-align=\"center\">Adulte<\/td><td class=\"has-text-align-center\" data-align=\"center\">360\u20ac<\/td><\/tr><tr><td class=\"has-text-align-center\" data-align=\"center\">\u00c9tudiant<\/td><td class=\"has-text-align-center\" data-align=\"center\">300\u20ac<\/td><\/tr><tr><td class=\"has-text-align-center\" data-align=\"center\">Enfant<\/td><td class=\"has-text-align-center\" data-align=\"center\">260\u20ac<\/td><\/tr><\/tbody><\/table><\/figure>\n\n\n\n<p><\/p>\n","protected":false},"excerpt":{"rendered":"<p>MMA &#8211; OFLC entrainements adulte d\u00e8s 16 ans. GROUPE MARDI JEUDI VENDREDI SAMEDI DIMANCHE Mixte 20H30 20H30 19H00 18H30 16H30 Comp\u00e9tition 12H00 MMA -OFLC entrainements enfant d\u00e8s 12 ans. Groupe LUNDI MARDI VENDREDI SAMEDI 11-13 ans 17H30 17H30 09H00 14-16 ans 17H30 17H30 10H30 Horaires provisoire Hors vacances scolaires Tarification Cat\u00e9gorie Tarifs Adulte 360\u20ac \u00c9tudiant &hellip; <\/p>\n<div class=\"link-more\"><a href=\"https:\/\/mma-chennevieressurmarne.fr\/?page_id=133\" class=\"more-link\">Read More<span class=\"screen-reader-text\"> \u00ab\u00a0Horaires &#8211; Tarifs\u00a0\u00bb<\/span><\/a><\/div>\n","protected":false},"author":2,"featured_media":0,"parent":0,"menu_order":0,"comment_status":"closed","ping_status":"closed","template":"","meta":{"_monsterinsights_skip_tracking":false,"_monsterinsights_sitenote_active":false,"_monsterinsights_sitenote_note":"","_monsterinsights_sitenote_category":0,"footnotes":""},"class_list":["post-133","page","type-page","status-publish","hentry"],"aioseo_notices":[],"yoast_head":"<!-- This site is optimized with the Yoast SEO plugin v19.10 - https:\/\/yoast.com\/wordpress\/plugins\/seo\/ -->\n<title>Horaires - Tarifs - MMA - ARTS MARTIAUX MIXTES VILLIERS 94<\/title>\n<meta name=\"description\" content=\"Adresse, Horaires et tarifications du club MMA - Art Martial Mixte Villiers sur marne dans le val de marne 94, limite d\u00e9partements 77 et 93.\" \/>\n<meta name=\"robots\" content=\"index, follow, max-snippet:-1, max-image-preview:large, max-video-preview:-1\" \/>\n<link rel=\"canonical\" href=\"https:\/\/mma-chennevieressurmarne.fr\/?page_id=133\" \/>\n<meta property=\"og:locale\" content=\"fr_FR\" \/>\n<meta property=\"og:type\" content=\"article\" \/>\n<meta property=\"og:title\" content=\"Horaires - Tarifs - MMA - ARTS MARTIAUX MIXTES VILLIERS 94\" \/>\n<meta property=\"og:description\" content=\"Adresse, Horaires et tarifications du club MMA - Art Martial Mixte Villiers sur marne dans le val de marne 94, limite d\u00e9partements 77 et 93.\" \/>\n<meta property=\"og:url\" content=\"https:\/\/mma-chennevieressurmarne.fr\/?page_id=133\" \/>\n<meta property=\"og:site_name\" content=\"MMA - OFLC\" \/>\n<meta property=\"article:modified_time\" content=\"2025-10-18T22:06:05+00:00\" \/>\n<meta name=\"twitter:card\" content=\"summary_large_image\" \/>\n<meta name=\"twitter:label1\" content=\"Dur\u00e9e de lecture estim\u00e9e\" \/>\n\t<meta name=\"twitter:data1\" content=\"1 minute\" \/>\n<script type=\"application\/ld+json\" class=\"yoast-schema-graph\">{\"@context\":\"https:\/\/schema.org\",\"@graph\":[{\"@type\":\"WebPage\",\"@id\":\"https:\/\/mma-chennevieressurmarne.fr\/?page_id=133\",\"url\":\"https:\/\/mma-chennevieressurmarne.fr\/?page_id=133\",\"name\":\"Horaires - Tarifs - MMA - ARTS MARTIAUX MIXTES VILLIERS 94\",\"isPartOf\":{\"@id\":\"https:\/\/mma-chennevieressurmarne.fr\/#website\"},\"datePublished\":\"2022-07-23T00:33:39+00:00\",\"dateModified\":\"2025-10-18T22:06:05+00:00\",\"description\":\"Adresse, Horaires et tarifications du club MMA - Art Martial Mixte Villiers sur marne dans le val de marne 94, limite d\u00e9partements 77 et 93.\",\"breadcrumb\":{\"@id\":\"https:\/\/mma-chennevieressurmarne.fr\/?page_id=133#breadcrumb\"},\"inLanguage\":\"fr-FR\",\"potentialAction\":[{\"@type\":\"ReadAction\",\"target\":[\"https:\/\/mma-chennevieressurmarne.fr\/?page_id=133\"]}]},{\"@type\":\"BreadcrumbList\",\"@id\":\"https:\/\/mma-chennevieressurmarne.fr\/?page_id=133#breadcrumb\",\"itemListElement\":[{\"@type\":\"ListItem\",\"position\":1,\"name\":\"Accueil\",\"item\":\"https:\/\/mma-chennevieressurmarne.fr\/\"},{\"@type\":\"ListItem\",\"position\":2,\"name\":\"Horaires &#8211; Tarifs\"}]},{\"@type\":\"WebSite\",\"@id\":\"https:\/\/mma-chennevieressurmarne.fr\/#website\",\"url\":\"https:\/\/mma-chennevieressurmarne.fr\/\",\"name\":\"MMA - OFLC\",\"description\":\"MMA - Champigny sur marne\",\"potentialAction\":[{\"@type\":\"SearchAction\",\"target\":{\"@type\":\"EntryPoint\",\"urlTemplate\":\"https:\/\/mma-chennevieressurmarne.fr\/?s={search_term_string}\"},\"query-input\":\"required name=search_term_string\"}],\"inLanguage\":\"fr-FR\"}]}<\/script>\n<!-- \/ Yoast SEO plugin. -->","yoast_head_json":{"title":"Horaires - Tarifs - MMA - ARTS MARTIAUX MIXTES VILLIERS 94","description":"Adresse, Horaires et tarifications du club MMA - Art Martial Mixte Villiers sur marne dans le val de marne 94, limite d\u00e9partements 77 et 93.","robots":{"index":"index","follow":"follow","max-snippet":"max-snippet:-1","max-image-preview":"max-image-preview:large","max-video-preview":"max-video-preview:-1"},"canonical":"https:\/\/mma-chennevieressurmarne.fr\/?page_id=133","og_locale":"fr_FR","og_type":"article","og_title":"Horaires - Tarifs - MMA - ARTS MARTIAUX MIXTES VILLIERS 94","og_description":"Adresse, Horaires et tarifications du club MMA - Art Martial Mixte Villiers sur marne dans le val de marne 94, limite d\u00e9partements 77 et 93.","og_url":"https:\/\/mma-chennevieressurmarne.fr\/?page_id=133","og_site_name":"MMA - OFLC","article_modified_time":"2025-10-18T22:06:05+00:00","twitter_card":"summary_large_image","twitter_misc":{"Dur\u00e9e de lecture estim\u00e9e":"1 minute"},"schema":{"@context":"https:\/\/schema.org","@graph":[{"@type":"WebPage","@id":"https:\/\/mma-chennevieressurmarne.fr\/?page_id=133","url":"https:\/\/mma-chennevieressurmarne.fr\/?page_id=133","name":"Horaires - Tarifs - MMA - ARTS MARTIAUX MIXTES VILLIERS 94","isPartOf":{"@id":"https:\/\/mma-chennevieressurmarne.fr\/#website"},"datePublished":"2022-07-23T00:33:39+00:00","dateModified":"2025-10-18T22:06:05+00:00","description":"Adresse, Horaires et tarifications du club MMA - Art Martial Mixte Villiers sur marne dans le val de marne 94, limite d\u00e9partements 77 et 93.","breadcrumb":{"@id":"https:\/\/mma-chennevieressurmarne.fr\/?page_id=133#breadcrumb"},"inLanguage":"fr-FR","potentialAction":[{"@type":"ReadAction","target":["https:\/\/mma-chennevieressurmarne.fr\/?page_id=133"]}]},{"@type":"BreadcrumbList","@id":"https:\/\/mma-chennevieressurmarne.fr\/?page_id=133#breadcrumb","itemListElement":[{"@type":"ListItem","position":1,"name":"Accueil","item":"https:\/\/mma-chennevieressurmarne.fr\/"},{"@type":"ListItem","position":2,"name":"Horaires &#8211; Tarifs"}]},{"@type":"WebSite","@id":"https:\/\/mma-chennevieressurmarne.fr\/#website","url":"https:\/\/mma-chennevieressurmarne.fr\/","name":"MMA - OFLC","description":"MMA - Champigny sur marne","potentialAction":[{"@type":"SearchAction","target":{"@type":"EntryPoint","urlTemplate":"https:\/\/mma-chennevieressurmarne.fr\/?s={search_term_string}"},"query-input":"required name=search_term_string"}],"inLanguage":"fr-FR"}]}},"_links":{"self":[{"href":"https:\/\/mma-chennevieressurmarne.fr\/index.php?rest_route=\/wp\/v2\/pages\/133","targetHints":{"allow":["GET"]}}],"collection":[{"href":"https:\/\/mma-chennevieressurmarne.fr\/index.php?rest_route=\/wp\/v2\/pages"}],"about":[{"href":"https:\/\/mma-chennevieressurmarne.fr\/index.php?rest_route=\/wp\/v2\/types\/page"}],"author":[{"embeddable":true,"href":"https:\/\/mma-chennevieressurmarne.fr\/index.php?rest_route=\/wp\/v2\/users\/2"}],"replies":[{"embeddable":true,"href":"https:\/\/mma-chennevieressurmarne.fr\/index.php?rest_route=%2Fwp%2Fv2%2Fcomments&post=133"}],"version-history":[{"count":30,"href":"https:\/\/mma-chennevieressurmarne.fr\/index.php?rest_route=\/wp\/v2\/pages\/133\/revisions"}],"predecessor-version":[{"id":1172,"href":"https:\/\/mma-chennevieressurmarne.fr\/index.php?rest_route=\/wp\/v2\/pages\/133\/revisions\/1172"}],"wp:attachment":[{"href":"https:\/\/mma-chennevieressurmarne.fr\/index.php?rest_route=%2Fwp%2Fv2%2Fmedia&parent=133"}],"curies":[{"name":"wp","href":"https:\/\/api.w.org\/{rel}","templated":true}]}}