{"id":1136,"date":"2025-09-22T18:52:00","date_gmt":"2025-09-22T16:52:00","guid":{"rendered":"https:\/\/mma-chennevieressurmarne.fr\/?page_id=1136"},"modified":"2025-09-22T19:14:59","modified_gmt":"2025-09-22T17:14:59","slug":"inscription-boxe","status":"publish","type":"page","link":"https:\/\/mma-chennevieressurmarne.fr\/?page_id=1136","title":{"rendered":"Inscriptions Boxe"},"content":{"rendered":"\t\t<div data-elementor-type=\"wp-page\" data-elementor-id=\"1136\" class=\"elementor elementor-1136\">\n\t\t\t\t\t\t\t\t\t<section class=\"elementor-section elementor-top-section elementor-element elementor-element-bc58462 elementor-section-boxed elementor-section-height-default elementor-section-height-default\" data-id=\"bc58462\" data-element_type=\"section\">\n\t\t\t\t\t\t<div class=\"elementor-container elementor-column-gap-default\">\n\t\t\t\t\t<div class=\"elementor-column elementor-col-100 elementor-top-column elementor-element elementor-element-3094c73\" data-id=\"3094c73\" data-element_type=\"column\">\n\t\t\t<div class=\"elementor-widget-wrap elementor-element-populated\">\n\t\t\t\t\t\t\t\t<div class=\"elementor-element elementor-element-a3616e0 elementor-widget elementor-widget-ameliaeventslistbooking\" data-id=\"a3616e0\" data-element_type=\"widget\" data-widget_type=\"ameliaeventslistbooking.default\">\n\t\t\t\t<div class=\"elementor-widget-container\">\n\t\t\t<script>\n  if (typeof hasAmeliaEvent === 'undefined') {\n    var hasAmeliaEvent = true;\n  }\n  if (typeof hasEventApiCall === 'undefined' && ('' === '' || '' === '1')) {\n    var hasEventApiCall = true;\n  }\n  var hasEventShortcode = (typeof hasEventShortcode === 'undefined') ? false : true;\n  var ameliaShortcodeData = (typeof ameliaShortcodeData === 'undefined') ? [] : ameliaShortcodeData;\n  ameliaShortcodeData.push(\n    {\n      'hasApiCall': (typeof hasEventApiCall !== 'undefined') && hasEventApiCall,\n      'trigger': '',\n      'trigger_type': '',\n      'triggered_form': 'elf',\n      'in_dialog': '',\n      'counter': '1000',\n      'employee': '',\n      'eventId': '2',\n      'eventRecurring': 0,\n      'eventTag': \"\",\n      'locationId': \"\"\n    }\n  );\n  var ameliaShortcodeDataTriggered = (typeof ameliaShortcodeDataTriggered === 'undefined') ? [] : ameliaShortcodeDataTriggered;\n  if (ameliaShortcodeData[ameliaShortcodeData.length - 1].trigger !== '') {\n    if (ameliaShortcodeDataTriggered.filter(a => a.counter === ameliaShortcodeData[ameliaShortcodeData.length - 1].counter).length === 0) {\n      ameliaShortcodeDataTriggered.push(ameliaShortcodeData.pop());\n    } else {\n      ameliaShortcodeData.pop()\n    }\n  }\n  if (typeof hasEventApiCall !== 'undefined' && hasEventApiCall) {\n    hasEventApiCall = false;\n  }\n<\/script>\n\n<div\n  id=\"amelia-v2-booking-1000\"\n  class=\"amelia-v2-booking\"\n>\n    <events-list-form-wrapper><\/div>\n\t\t<\/div>\n\t\t\t\t<\/div>\n\t\t\t\t\t<\/div>\n\t\t<\/div>\n\t\t\t\t\t\t\t<\/div>\n\t\t<\/section>\n\t\t\t\t\t\t\t<\/div>\n\t\t","protected":false},"excerpt":{"rendered":"","protected":false},"author":2,"featured_media":0,"parent":0,"menu_order":0,"comment_status":"closed","ping_status":"closed","template":"","meta":{"_monsterinsights_skip_tracking":false,"_monsterinsights_sitenote_active":false,"_monsterinsights_sitenote_note":"","_monsterinsights_sitenote_category":0,"footnotes":""},"class_list":["post-1136","page","type-page","status-publish","hentry"],"aioseo_notices":[],"yoast_head":"<!-- This site is optimized with the Yoast SEO plugin v19.10 - https:\/\/yoast.com\/wordpress\/plugins\/seo\/ -->\n<title>Inscriptions Boxe - CLUB ARTS MARTIAUX MIXTES VILLIERS \/ MARNE<\/title>\n<meta name=\"description\" content=\"Club d&#039;arts martiaux mixtes OFLC \u00e0 Villiers sur marne dans le val de marne proche des d\u00e9partements du 94,93, 77. Inscription ouvertes \u00e0 tous\" \/>\n<meta name=\"robots\" content=\"index, follow, max-snippet:-1, max-image-preview:large, max-video-preview:-1\" \/>\n<link rel=\"canonical\" href=\"https:\/\/mma-chennevieressurmarne.fr\/?page_id=1136\" \/>\n<meta property=\"og:locale\" content=\"fr_FR\" \/>\n<meta property=\"og:type\" content=\"article\" \/>\n<meta property=\"og:title\" content=\"Inscriptions Boxe - CLUB ARTS MARTIAUX MIXTES VILLIERS \/ MARNE\" \/>\n<meta property=\"og:description\" content=\"Club d&#039;arts martiaux mixtes OFLC \u00e0 Villiers sur marne dans le val de marne proche des d\u00e9partements du 94,93, 77. Inscription ouvertes \u00e0 tous\" \/>\n<meta property=\"og:url\" content=\"https:\/\/mma-chennevieressurmarne.fr\/?page_id=1136\" \/>\n<meta property=\"og:site_name\" content=\"MMA - OFLC\" \/>\n<meta property=\"article:modified_time\" content=\"2025-09-22T17:14:59+00:00\" \/>\n<meta name=\"twitter:card\" content=\"summary_large_image\" \/>\n<meta name=\"twitter:label1\" content=\"Dur\u00e9e de lecture estim\u00e9e\" \/>\n\t<meta name=\"twitter:data1\" content=\"1 minute\" \/>\n<script type=\"application\/ld+json\" class=\"yoast-schema-graph\">{\"@context\":\"https:\/\/schema.org\",\"@graph\":[{\"@type\":\"WebPage\",\"@id\":\"https:\/\/mma-chennevieressurmarne.fr\/?page_id=1136\",\"url\":\"https:\/\/mma-chennevieressurmarne.fr\/?page_id=1136\",\"name\":\"Inscriptions Boxe - CLUB ARTS MARTIAUX MIXTES VILLIERS \/ MARNE\",\"isPartOf\":{\"@id\":\"https:\/\/mma-chennevieressurmarne.fr\/#website\"},\"datePublished\":\"2025-09-22T16:52:00+00:00\",\"dateModified\":\"2025-09-22T17:14:59+00:00\",\"description\":\"Club d'arts martiaux mixtes OFLC \u00e0 Villiers sur marne dans le val de marne proche des d\u00e9partements du 94,93, 77. Inscription ouvertes \u00e0 tous\",\"breadcrumb\":{\"@id\":\"https:\/\/mma-chennevieressurmarne.fr\/?page_id=1136#breadcrumb\"},\"inLanguage\":\"fr-FR\",\"potentialAction\":[{\"@type\":\"ReadAction\",\"target\":[\"https:\/\/mma-chennevieressurmarne.fr\/?page_id=1136\"]}]},{\"@type\":\"BreadcrumbList\",\"@id\":\"https:\/\/mma-chennevieressurmarne.fr\/?page_id=1136#breadcrumb\",\"itemListElement\":[{\"@type\":\"ListItem\",\"position\":1,\"name\":\"Accueil\",\"item\":\"https:\/\/mma-chennevieressurmarne.fr\/\"},{\"@type\":\"ListItem\",\"position\":2,\"name\":\"Inscriptions Boxe\"}]},{\"@type\":\"WebSite\",\"@id\":\"https:\/\/mma-chennevieressurmarne.fr\/#website\",\"url\":\"https:\/\/mma-chennevieressurmarne.fr\/\",\"name\":\"MMA - OFLC\",\"description\":\"MMA - Champigny sur marne\",\"potentialAction\":[{\"@type\":\"SearchAction\",\"target\":{\"@type\":\"EntryPoint\",\"urlTemplate\":\"https:\/\/mma-chennevieressurmarne.fr\/?s={search_term_string}\"},\"query-input\":\"required name=search_term_string\"}],\"inLanguage\":\"fr-FR\"}]}<\/script>\n<!-- \/ Yoast SEO plugin. -->","yoast_head_json":{"title":"Inscriptions Boxe - CLUB ARTS MARTIAUX MIXTES VILLIERS \/ MARNE","description":"Club d'arts martiaux mixtes OFLC \u00e0 Villiers sur marne dans le val de marne proche des d\u00e9partements du 94,93, 77. Inscription ouvertes \u00e0 tous","robots":{"index":"index","follow":"follow","max-snippet":"max-snippet:-1","max-image-preview":"max-image-preview:large","max-video-preview":"max-video-preview:-1"},"canonical":"https:\/\/mma-chennevieressurmarne.fr\/?page_id=1136","og_locale":"fr_FR","og_type":"article","og_title":"Inscriptions Boxe - CLUB ARTS MARTIAUX MIXTES VILLIERS \/ MARNE","og_description":"Club d'arts martiaux mixtes OFLC \u00e0 Villiers sur marne dans le val de marne proche des d\u00e9partements du 94,93, 77. Inscription ouvertes \u00e0 tous","og_url":"https:\/\/mma-chennevieressurmarne.fr\/?page_id=1136","og_site_name":"MMA - OFLC","article_modified_time":"2025-09-22T17:14:59+00:00","twitter_card":"summary_large_image","twitter_misc":{"Dur\u00e9e de lecture estim\u00e9e":"1 minute"},"schema":{"@context":"https:\/\/schema.org","@graph":[{"@type":"WebPage","@id":"https:\/\/mma-chennevieressurmarne.fr\/?page_id=1136","url":"https:\/\/mma-chennevieressurmarne.fr\/?page_id=1136","name":"Inscriptions Boxe - CLUB ARTS MARTIAUX MIXTES VILLIERS \/ MARNE","isPartOf":{"@id":"https:\/\/mma-chennevieressurmarne.fr\/#website"},"datePublished":"2025-09-22T16:52:00+00:00","dateModified":"2025-09-22T17:14:59+00:00","description":"Club d'arts martiaux mixtes OFLC \u00e0 Villiers sur marne dans le val de marne proche des d\u00e9partements du 94,93, 77. Inscription ouvertes \u00e0 tous","breadcrumb":{"@id":"https:\/\/mma-chennevieressurmarne.fr\/?page_id=1136#breadcrumb"},"inLanguage":"fr-FR","potentialAction":[{"@type":"ReadAction","target":["https:\/\/mma-chennevieressurmarne.fr\/?page_id=1136"]}]},{"@type":"BreadcrumbList","@id":"https:\/\/mma-chennevieressurmarne.fr\/?page_id=1136#breadcrumb","itemListElement":[{"@type":"ListItem","position":1,"name":"Accueil","item":"https:\/\/mma-chennevieressurmarne.fr\/"},{"@type":"ListItem","position":2,"name":"Inscriptions Boxe"}]},{"@type":"WebSite","@id":"https:\/\/mma-chennevieressurmarne.fr\/#website","url":"https:\/\/mma-chennevieressurmarne.fr\/","name":"MMA - OFLC","description":"MMA - Champigny sur marne","potentialAction":[{"@type":"SearchAction","target":{"@type":"EntryPoint","urlTemplate":"https:\/\/mma-chennevieressurmarne.fr\/?s={search_term_string}"},"query-input":"required name=search_term_string"}],"inLanguage":"fr-FR"}]}},"_links":{"self":[{"href":"https:\/\/mma-chennevieressurmarne.fr\/index.php?rest_route=\/wp\/v2\/pages\/1136","targetHints":{"allow":["GET"]}}],"collection":[{"href":"https:\/\/mma-chennevieressurmarne.fr\/index.php?rest_route=\/wp\/v2\/pages"}],"about":[{"href":"https:\/\/mma-chennevieressurmarne.fr\/index.php?rest_route=\/wp\/v2\/types\/page"}],"author":[{"embeddable":true,"href":"https:\/\/mma-chennevieressurmarne.fr\/index.php?rest_route=\/wp\/v2\/users\/2"}],"replies":[{"embeddable":true,"href":"https:\/\/mma-chennevieressurmarne.fr\/index.php?rest_route=%2Fwp%2Fv2%2Fcomments&post=1136"}],"version-history":[{"count":5,"href":"https:\/\/mma-chennevieressurmarne.fr\/index.php?rest_route=\/wp\/v2\/pages\/1136\/revisions"}],"predecessor-version":[{"id":1147,"href":"https:\/\/mma-chennevieressurmarne.fr\/index.php?rest_route=\/wp\/v2\/pages\/1136\/revisions\/1147"}],"wp:attachment":[{"href":"https:\/\/mma-chennevieressurmarne.fr\/index.php?rest_route=%2Fwp%2Fv2%2Fmedia&parent=1136"}],"curies":[{"name":"wp","href":"https:\/\/api.w.org\/{rel}","templated":true}]}}